{"id":1792,"date":"2020-08-12T17:23:39","date_gmt":"2020-08-12T15:23:39","guid":{"rendered":"https:\/\/kuechenhaus-heller.de\/keukens-in-haseluenne\/"},"modified":"2025-11-17T15:05:38","modified_gmt":"2025-11-17T13:05:38","slug":"keukens-in-haseluenne","status":"publish","type":"page","link":"https:\/\/kuechenhaus-heller.de\/nl\/keukens-in-haseluenne\/","title":{"rendered":"Keukens in Hasel\u00fcnne"},"content":{"rendered":"","protected":false},"excerpt":{"rendered":"","protected":false},"author":1,"featured_media":0,"parent":0,"menu_order":4,"comment_status":"closed","ping_status":"closed","template":"","meta":{"_acf_changed":false},"class_list":["post-1792","page","type-page","status-publish","hentry"],"acf":[],"yoast_head":"<!-- This site is optimized with the Yoast SEO plugin v26.3 - https:\/\/yoast.com\/wordpress\/plugins\/seo\/ -->\n<title>Keukens in Hasel\u00fcnne | K\u00fcchenhaus Heller<\/title>\n<meta name=\"description\" content=\"Ontdek unieke en hoogwaardige keukens in Hasel\u00fcnne in onze keukenshowroom en laat u inspireren voor uw droomkeuken.\" \/>\n<meta name=\"robots\" content=\"index, follow, max-snippet:-1, max-image-preview:large, max-video-preview:-1\" \/>\n<link rel=\"canonical\" href=\"https:\/\/kuechenhaus-heller.de\/nl\/keukens-in-haseluenne\/\" \/>\n<meta property=\"og:locale\" content=\"nl_NL\" \/>\n<meta property=\"og:type\" content=\"article\" \/>\n<meta property=\"og:title\" content=\"Keukens in Hasel\u00fcnne | K\u00fcchenhaus Heller\" \/>\n<meta property=\"og:description\" content=\"Ontdek unieke en hoogwaardige keukens in Hasel\u00fcnne in onze keukenshowroom en laat u inspireren voor uw droomkeuken.\" \/>\n<meta property=\"og:url\" content=\"https:\/\/kuechenhaus-heller.de\/nl\/keukens-in-haseluenne\/\" \/>\n<meta property=\"og:site_name\" content=\"K\u00fcchenhaus Heller\" \/>\n<meta property=\"article:modified_time\" content=\"2025-11-17T13:05:38+00:00\" \/>\n<meta name=\"twitter:card\" content=\"summary_large_image\" \/>\n<script type=\"application\/ld+json\" class=\"yoast-schema-graph\">{\"@context\":\"https:\/\/schema.org\",\"@graph\":[{\"@type\":\"WebPage\",\"@id\":\"https:\/\/kuechenhaus-heller.de\/nl\/keukens-in-haseluenne\/\",\"url\":\"https:\/\/kuechenhaus-heller.de\/nl\/keukens-in-haseluenne\/\",\"name\":\"Keukens in Hasel\u00fcnne | K\u00fcchenhaus Heller\",\"isPartOf\":{\"@id\":\"https:\/\/kuechenhaus-heller.de\/nl\/#website\"},\"datePublished\":\"2020-08-12T15:23:39+00:00\",\"dateModified\":\"2025-11-17T13:05:38+00:00\",\"description\":\"Ontdek unieke en hoogwaardige keukens in Hasel\u00fcnne in onze keukenshowroom en laat u inspireren voor uw droomkeuken.\",\"breadcrumb\":{\"@id\":\"https:\/\/kuechenhaus-heller.de\/nl\/keukens-in-haseluenne\/#breadcrumb\"},\"inLanguage\":\"nl-NL\",\"potentialAction\":[{\"@type\":\"ReadAction\",\"target\":[\"https:\/\/kuechenhaus-heller.de\/nl\/keukens-in-haseluenne\/\"]}]},{\"@type\":\"BreadcrumbList\",\"@id\":\"https:\/\/kuechenhaus-heller.de\/nl\/keukens-in-haseluenne\/#breadcrumb\",\"itemListElement\":[{\"@type\":\"ListItem\",\"position\":1,\"name\":\"Startseite\",\"item\":\"https:\/\/kuechenhaus-heller.de\/nl\/startpagina\/\"},{\"@type\":\"ListItem\",\"position\":2,\"name\":\"Keukens in Hasel\u00fcnne\"}]},{\"@type\":\"WebSite\",\"@id\":\"https:\/\/kuechenhaus-heller.de\/nl\/#website\",\"url\":\"https:\/\/kuechenhaus-heller.de\/nl\/\",\"name\":\"K\u00fcchenhaus Heller\",\"description\":\"Sachverstand aus Meisterhand\",\"potentialAction\":[{\"@type\":\"SearchAction\",\"target\":{\"@type\":\"EntryPoint\",\"urlTemplate\":\"https:\/\/kuechenhaus-heller.de\/nl\/?s={search_term_string}\"},\"query-input\":{\"@type\":\"PropertyValueSpecification\",\"valueRequired\":true,\"valueName\":\"search_term_string\"}}],\"inLanguage\":\"nl-NL\"}]}<\/script>\n<!-- \/ Yoast SEO plugin. -->","yoast_head_json":{"title":"Keukens in Hasel\u00fcnne | K\u00fcchenhaus Heller","description":"Ontdek unieke en hoogwaardige keukens in Hasel\u00fcnne in onze keukenshowroom en laat u inspireren voor uw droomkeuken.","robots":{"index":"index","follow":"follow","max-snippet":"max-snippet:-1","max-image-preview":"max-image-preview:large","max-video-preview":"max-video-preview:-1"},"canonical":"https:\/\/kuechenhaus-heller.de\/nl\/keukens-in-haseluenne\/","og_locale":"nl_NL","og_type":"article","og_title":"Keukens in Hasel\u00fcnne | K\u00fcchenhaus Heller","og_description":"Ontdek unieke en hoogwaardige keukens in Hasel\u00fcnne in onze keukenshowroom en laat u inspireren voor uw droomkeuken.","og_url":"https:\/\/kuechenhaus-heller.de\/nl\/keukens-in-haseluenne\/","og_site_name":"K\u00fcchenhaus Heller","article_modified_time":"2025-11-17T13:05:38+00:00","twitter_card":"summary_large_image","schema":{"@context":"https:\/\/schema.org","@graph":[{"@type":"WebPage","@id":"https:\/\/kuechenhaus-heller.de\/nl\/keukens-in-haseluenne\/","url":"https:\/\/kuechenhaus-heller.de\/nl\/keukens-in-haseluenne\/","name":"Keukens in Hasel\u00fcnne | K\u00fcchenhaus Heller","isPartOf":{"@id":"https:\/\/kuechenhaus-heller.de\/nl\/#website"},"datePublished":"2020-08-12T15:23:39+00:00","dateModified":"2025-11-17T13:05:38+00:00","description":"Ontdek unieke en hoogwaardige keukens in Hasel\u00fcnne in onze keukenshowroom en laat u inspireren voor uw droomkeuken.","breadcrumb":{"@id":"https:\/\/kuechenhaus-heller.de\/nl\/keukens-in-haseluenne\/#breadcrumb"},"inLanguage":"nl-NL","potentialAction":[{"@type":"ReadAction","target":["https:\/\/kuechenhaus-heller.de\/nl\/keukens-in-haseluenne\/"]}]},{"@type":"BreadcrumbList","@id":"https:\/\/kuechenhaus-heller.de\/nl\/keukens-in-haseluenne\/#breadcrumb","itemListElement":[{"@type":"ListItem","position":1,"name":"Startseite","item":"https:\/\/kuechenhaus-heller.de\/nl\/startpagina\/"},{"@type":"ListItem","position":2,"name":"Keukens in Hasel\u00fcnne"}]},{"@type":"WebSite","@id":"https:\/\/kuechenhaus-heller.de\/nl\/#website","url":"https:\/\/kuechenhaus-heller.de\/nl\/","name":"K\u00fcchenhaus Heller","description":"Sachverstand aus Meisterhand","potentialAction":[{"@type":"SearchAction","target":{"@type":"EntryPoint","urlTemplate":"https:\/\/kuechenhaus-heller.de\/nl\/?s={search_term_string}"},"query-input":{"@type":"PropertyValueSpecification","valueRequired":true,"valueName":"search_term_string"}}],"inLanguage":"nl-NL"}]}},"_links":{"self":[{"href":"https:\/\/kuechenhaus-heller.de\/nl\/wp-json\/wp\/v2\/pages\/1792","targetHints":{"allow":["GET"]}}],"collection":[{"href":"https:\/\/kuechenhaus-heller.de\/nl\/wp-json\/wp\/v2\/pages"}],"about":[{"href":"https:\/\/kuechenhaus-heller.de\/nl\/wp-json\/wp\/v2\/types\/page"}],"author":[{"embeddable":true,"href":"https:\/\/kuechenhaus-heller.de\/nl\/wp-json\/wp\/v2\/users\/1"}],"replies":[{"embeddable":true,"href":"https:\/\/kuechenhaus-heller.de\/nl\/wp-json\/wp\/v2\/comments?post=1792"}],"version-history":[{"count":1,"href":"https:\/\/kuechenhaus-heller.de\/nl\/wp-json\/wp\/v2\/pages\/1792\/revisions"}],"predecessor-version":[{"id":1851,"href":"https:\/\/kuechenhaus-heller.de\/nl\/wp-json\/wp\/v2\/pages\/1792\/revisions\/1851"}],"wp:attachment":[{"href":"https:\/\/kuechenhaus-heller.de\/nl\/wp-json\/wp\/v2\/media?parent=1792"}],"curies":[{"name":"wp","href":"https:\/\/api.w.org\/{rel}","templated":true}]}}